{"id":3959,"date":"2026-01-23T17:29:37","date_gmt":"2026-01-23T16:29:37","guid":{"rendered":"https:\/\/real-estate-poland.pl\/inwestycje-w-nieruchomosci-w-polsce\/"},"modified":"2026-02-19T19:15:24","modified_gmt":"2026-02-19T18:15:24","slug":"inwestycje-w-nieruchomosci-w-polsce","status":"publish","type":"page","link":"https:\/\/real-estate-poland.pl\/pl\/","title":{"rendered":"Inwestycje w nieruchomo\u015bci w Polsce"},"content":{"rendered":"","protected":false},"excerpt":{"rendered":"","protected":false},"author":1,"featured_media":3960,"parent":0,"menu_order":0,"comment_status":"closed","ping_status":"closed","template":"","meta":{"inline_featured_image":false,"footnotes":""},"class_list":["post-3959","page","type-page","status-publish","has-post-thumbnail","hentry"],"yoast_head":"<!-- This site is optimized with the Yoast SEO plugin v27.0 - https:\/\/yoast.com\/product\/yoast-seo-wordpress\/ -->\n<title>Inwestycje w nieruchomo\u015bci w Polsce - MDW Investment<\/title>\n<meta name=\"description\" content=\"Strategiczne inwestycje w nieruchomo\u015bci w Polsce z naciskiem na Warszaw\u0119. Ustrukturyzowane transakcje, oferty poza rynkiem i pe\u0142ne wsparcie dla inwestor\u00f3w.\" \/>\n<meta name=\"robots\" content=\"index, follow, max-snippet:-1, max-image-preview:large, max-video-preview:-1\" \/>\n<link rel=\"canonical\" href=\"https:\/\/real-estate-poland.pl\/pl\/\" \/>\n<meta property=\"og:locale\" content=\"pl_PL\" \/>\n<meta property=\"og:type\" content=\"article\" \/>\n<meta property=\"og:title\" content=\"Inwestycje w nieruchomo\u015bci w Polsce - MDW Investment\" \/>\n<meta property=\"og:description\" content=\"Strategiczne inwestycje w nieruchomo\u015bci w Polsce z naciskiem na Warszaw\u0119. Ustrukturyzowane transakcje, oferty poza rynkiem i pe\u0142ne wsparcie dla inwestor\u00f3w.\" \/>\n<meta property=\"og:url\" content=\"https:\/\/real-estate-poland.pl\/pl\/\" \/>\n<meta property=\"og:site_name\" content=\"MDW Investment\" \/>\n<meta property=\"article:publisher\" content=\"https:\/\/www.facebook.com\/nedvizhimost.poznan\/\" \/>\n<meta property=\"article:modified_time\" content=\"2026-02-19T18:15:24+00:00\" \/>\n<meta property=\"og:image\" content=\"https:\/\/real-estate-poland.pl\/wp-content\/uploads\/group-130.png\" \/>\n\t<meta property=\"og:image:width\" content=\"1200\" \/>\n\t<meta property=\"og:image:height\" content=\"630\" \/>\n\t<meta property=\"og:image:type\" content=\"image\/png\" \/>\n<meta name=\"twitter:card\" content=\"summary_large_image\" \/>\n<script type=\"application\/ld+json\" class=\"yoast-schema-graph\">{\"@context\":\"https:\/\/schema.org\",\"@graph\":[{\"@type\":\"WebPage\",\"@id\":\"https:\/\/real-estate-poland.pl\/pl\/\",\"url\":\"https:\/\/real-estate-poland.pl\/pl\/\",\"name\":\"Inwestycje w nieruchomo\u015bci w Polsce - MDW Investment\",\"isPartOf\":{\"@id\":\"https:\/\/real-estate-poland.pl\/pl\/#website\"},\"primaryImageOfPage\":{\"@id\":\"https:\/\/real-estate-poland.pl\/pl\/#primaryimage\"},\"image\":{\"@id\":\"https:\/\/real-estate-poland.pl\/pl\/#primaryimage\"},\"thumbnailUrl\":\"https:\/\/real-estate-poland.pl\/wp-content\/uploads\/group-130.png\",\"datePublished\":\"2026-01-23T16:29:37+00:00\",\"dateModified\":\"2026-02-19T18:15:24+00:00\",\"description\":\"Strategiczne inwestycje w nieruchomo\u015bci w Polsce z naciskiem na Warszaw\u0119. Ustrukturyzowane transakcje, oferty poza rynkiem i pe\u0142ne wsparcie dla inwestor\u00f3w.\",\"breadcrumb\":{\"@id\":\"https:\/\/real-estate-poland.pl\/pl\/#breadcrumb\"},\"inLanguage\":\"pl-PL\",\"potentialAction\":[{\"@type\":\"ReadAction\",\"target\":[\"https:\/\/real-estate-poland.pl\/pl\/\"]}]},{\"@type\":\"ImageObject\",\"inLanguage\":\"pl-PL\",\"@id\":\"https:\/\/real-estate-poland.pl\/pl\/#primaryimage\",\"url\":\"https:\/\/real-estate-poland.pl\/wp-content\/uploads\/group-130.png\",\"contentUrl\":\"https:\/\/real-estate-poland.pl\/wp-content\/uploads\/group-130.png\",\"width\":1200,\"height\":630,\"caption\":\"nieruchomo\u015bci inwestycyjne Polska\"},{\"@type\":\"BreadcrumbList\",\"@id\":\"https:\/\/real-estate-poland.pl\/pl\/#breadcrumb\",\"itemListElement\":[{\"@type\":\"ListItem\",\"position\":1,\"name\":\"Home\",\"item\":\"https:\/\/real-estate-poland.pl\/pl\/\"},{\"@type\":\"ListItem\",\"position\":2,\"name\":\"Inwestycje w nieruchomo\u015bci w Polsce\"}]},{\"@type\":\"WebSite\",\"@id\":\"https:\/\/real-estate-poland.pl\/pl\/#website\",\"url\":\"https:\/\/real-estate-poland.pl\/pl\/\",\"name\":\"MDW Investment\",\"description\":\"Investment Advisory &amp; Strategic Real Estate Deals in Poland\",\"publisher\":{\"@id\":\"https:\/\/real-estate-poland.pl\/pl\/#organization\"},\"potentialAction\":[{\"@type\":\"SearchAction\",\"target\":{\"@type\":\"EntryPoint\",\"urlTemplate\":\"https:\/\/real-estate-poland.pl\/pl\/?s={search_term_string}\"},\"query-input\":{\"@type\":\"PropertyValueSpecification\",\"valueRequired\":true,\"valueName\":\"search_term_string\"}}],\"inLanguage\":\"pl-PL\"},{\"@type\":\"Organization\",\"@id\":\"https:\/\/real-estate-poland.pl\/pl\/#organization\",\"name\":\"MDW GROUP\",\"alternateName\":\"\u041d\u0435\u0434\u0432\u0438\u0436\u0438\u043c\u043e\u0441\u0442\u044c \u0432 \u041f\u043e\u043b\u044c\u0448\u0435\",\"url\":\"https:\/\/real-estate-poland.pl\/pl\/\",\"logo\":{\"@type\":\"ImageObject\",\"inLanguage\":\"pl-PL\",\"@id\":\"https:\/\/real-estate-poland.pl\/pl\/#\/schema\/logo\/image\/\",\"url\":\"https:\/\/real-estate-poland.pl\/wp-content\/uploads\/mdw-group.jpg\",\"contentUrl\":\"https:\/\/real-estate-poland.pl\/wp-content\/uploads\/mdw-group.jpg\",\"width\":2000,\"height\":2000,\"caption\":\"MDW GROUP\"},\"image\":{\"@id\":\"https:\/\/real-estate-poland.pl\/pl\/#\/schema\/logo\/image\/\"},\"sameAs\":[\"https:\/\/www.facebook.com\/nedvizhimost.poznan\/\"]}]}<\/script>\n<!-- \/ Yoast SEO plugin. -->","yoast_head_json":{"title":"Inwestycje w nieruchomo\u015bci w Polsce - MDW Investment","description":"Strategiczne inwestycje w nieruchomo\u015bci w Polsce z naciskiem na Warszaw\u0119. Ustrukturyzowane transakcje, oferty poza rynkiem i pe\u0142ne wsparcie dla inwestor\u00f3w.","robots":{"index":"index","follow":"follow","max-snippet":"max-snippet:-1","max-image-preview":"max-image-preview:large","max-video-preview":"max-video-preview:-1"},"canonical":"https:\/\/real-estate-poland.pl\/pl\/","og_locale":"pl_PL","og_type":"article","og_title":"Inwestycje w nieruchomo\u015bci w Polsce - MDW Investment","og_description":"Strategiczne inwestycje w nieruchomo\u015bci w Polsce z naciskiem na Warszaw\u0119. Ustrukturyzowane transakcje, oferty poza rynkiem i pe\u0142ne wsparcie dla inwestor\u00f3w.","og_url":"https:\/\/real-estate-poland.pl\/pl\/","og_site_name":"MDW Investment","article_publisher":"https:\/\/www.facebook.com\/nedvizhimost.poznan\/","article_modified_time":"2026-02-19T18:15:24+00:00","og_image":[{"width":1200,"height":630,"url":"https:\/\/real-estate-poland.pl\/wp-content\/uploads\/group-130.png","type":"image\/png"}],"twitter_card":"summary_large_image","schema":{"@context":"https:\/\/schema.org","@graph":[{"@type":"WebPage","@id":"https:\/\/real-estate-poland.pl\/pl\/","url":"https:\/\/real-estate-poland.pl\/pl\/","name":"Inwestycje w nieruchomo\u015bci w Polsce - MDW Investment","isPartOf":{"@id":"https:\/\/real-estate-poland.pl\/pl\/#website"},"primaryImageOfPage":{"@id":"https:\/\/real-estate-poland.pl\/pl\/#primaryimage"},"image":{"@id":"https:\/\/real-estate-poland.pl\/pl\/#primaryimage"},"thumbnailUrl":"https:\/\/real-estate-poland.pl\/wp-content\/uploads\/group-130.png","datePublished":"2026-01-23T16:29:37+00:00","dateModified":"2026-02-19T18:15:24+00:00","description":"Strategiczne inwestycje w nieruchomo\u015bci w Polsce z naciskiem na Warszaw\u0119. Ustrukturyzowane transakcje, oferty poza rynkiem i pe\u0142ne wsparcie dla inwestor\u00f3w.","breadcrumb":{"@id":"https:\/\/real-estate-poland.pl\/pl\/#breadcrumb"},"inLanguage":"pl-PL","potentialAction":[{"@type":"ReadAction","target":["https:\/\/real-estate-poland.pl\/pl\/"]}]},{"@type":"ImageObject","inLanguage":"pl-PL","@id":"https:\/\/real-estate-poland.pl\/pl\/#primaryimage","url":"https:\/\/real-estate-poland.pl\/wp-content\/uploads\/group-130.png","contentUrl":"https:\/\/real-estate-poland.pl\/wp-content\/uploads\/group-130.png","width":1200,"height":630,"caption":"nieruchomo\u015bci inwestycyjne Polska"},{"@type":"BreadcrumbList","@id":"https:\/\/real-estate-poland.pl\/pl\/#breadcrumb","itemListElement":[{"@type":"ListItem","position":1,"name":"Home","item":"https:\/\/real-estate-poland.pl\/pl\/"},{"@type":"ListItem","position":2,"name":"Inwestycje w nieruchomo\u015bci w Polsce"}]},{"@type":"WebSite","@id":"https:\/\/real-estate-poland.pl\/pl\/#website","url":"https:\/\/real-estate-poland.pl\/pl\/","name":"MDW Investment","description":"Investment Advisory &amp; Strategic Real Estate Deals in Poland","publisher":{"@id":"https:\/\/real-estate-poland.pl\/pl\/#organization"},"potentialAction":[{"@type":"SearchAction","target":{"@type":"EntryPoint","urlTemplate":"https:\/\/real-estate-poland.pl\/pl\/?s={search_term_string}"},"query-input":{"@type":"PropertyValueSpecification","valueRequired":true,"valueName":"search_term_string"}}],"inLanguage":"pl-PL"},{"@type":"Organization","@id":"https:\/\/real-estate-poland.pl\/pl\/#organization","name":"MDW GROUP","alternateName":"\u041d\u0435\u0434\u0432\u0438\u0436\u0438\u043c\u043e\u0441\u0442\u044c \u0432 \u041f\u043e\u043b\u044c\u0448\u0435","url":"https:\/\/real-estate-poland.pl\/pl\/","logo":{"@type":"ImageObject","inLanguage":"pl-PL","@id":"https:\/\/real-estate-poland.pl\/pl\/#\/schema\/logo\/image\/","url":"https:\/\/real-estate-poland.pl\/wp-content\/uploads\/mdw-group.jpg","contentUrl":"https:\/\/real-estate-poland.pl\/wp-content\/uploads\/mdw-group.jpg","width":2000,"height":2000,"caption":"MDW GROUP"},"image":{"@id":"https:\/\/real-estate-poland.pl\/pl\/#\/schema\/logo\/image\/"},"sameAs":["https:\/\/www.facebook.com\/nedvizhimost.poznan\/"]}]}},"_links":{"self":[{"href":"https:\/\/real-estate-poland.pl\/pl\/wp-json\/wp\/v2\/pages\/3959","targetHints":{"allow":["GET"]}}],"collection":[{"href":"https:\/\/real-estate-poland.pl\/pl\/wp-json\/wp\/v2\/pages"}],"about":[{"href":"https:\/\/real-estate-poland.pl\/pl\/wp-json\/wp\/v2\/types\/page"}],"author":[{"embeddable":true,"href":"https:\/\/real-estate-poland.pl\/pl\/wp-json\/wp\/v2\/users\/1"}],"replies":[{"embeddable":true,"href":"https:\/\/real-estate-poland.pl\/pl\/wp-json\/wp\/v2\/comments?post=3959"}],"version-history":[{"count":5,"href":"https:\/\/real-estate-poland.pl\/pl\/wp-json\/wp\/v2\/pages\/3959\/revisions"}],"predecessor-version":[{"id":4010,"href":"https:\/\/real-estate-poland.pl\/pl\/wp-json\/wp\/v2\/pages\/3959\/revisions\/4010"}],"wp:featuredmedia":[{"embeddable":true,"href":"https:\/\/real-estate-poland.pl\/pl\/wp-json\/wp\/v2\/media\/3960"}],"wp:attachment":[{"href":"https:\/\/real-estate-poland.pl\/pl\/wp-json\/wp\/v2\/media?parent=3959"}],"curies":[{"name":"wp","href":"https:\/\/api.w.org\/{rel}","templated":true}]}}